{"id":1904,"date":"2021-09-23T16:22:26","date_gmt":"2021-09-23T09:22:26","guid":{"rendered":"https:\/\/eyepicerie.com\/?page_id=1904"},"modified":"2023-05-30T09:33:53","modified_gmt":"2023-05-30T09:33:53","slug":"404-page","status":"publish","type":"page","link":"https:\/\/eyepicerie.com\/index.php\/404-page\/","title":{"rendered":"404 Page"},"content":{"rendered":"\t\t<div data-elementor-type=\"wp-page\" data-elementor-id=\"1904\" class=\"elementor elementor-1904\">\n\t\t\t\t\t\t<section class=\"elementor-section elementor-top-section elementor-element elementor-element-652f900 elementor-section-content-middle elementor-section-boxed elementor-section-height-default elementor-section-height-default wpr-particle-no wpr-jarallax-no wpr-parallax-no wpr-sticky-section-no wpr-equal-height-no\" data-id=\"652f900\" data-element_type=\"section\" data-e-type=\"section\">\n\t\t\t\t\t\t<div class=\"elementor-container elementor-column-gap-no\">\n\t\t\t\t\t<div class=\"elementor-column elementor-col-50 elementor-top-column elementor-element elementor-element-12b1cde\" data-id=\"12b1cde\" data-element_type=\"column\" data-e-type=\"column\">\n\t\t\t<div class=\"elementor-widget-wrap elementor-element-populated\">\n\t\t\t\t\t\t<div class=\"elementor-element elementor-element-549b098 elementor-widget elementor-widget-heading\" data-id=\"549b098\" data-element_type=\"widget\" data-e-type=\"widget\" data-widget_type=\"heading.default\">\n\t\t\t\t\t<h2 class=\"elementor-heading-title elementor-size-default\">404<\/h2>\t\t\t\t<\/div>\n\t\t\t\t<div class=\"elementor-element elementor-element-fdd53e5 elementor-widget elementor-widget-text-editor\" data-id=\"fdd53e5\" data-element_type=\"widget\" data-e-type=\"widget\" data-widget_type=\"text-editor.default\">\n\t\t\t\t\t\t\t\t\t<p>This page has been probably moved somewhere&#8230;<\/p>\t\t\t\t\t\t\t\t<\/div>\n\t\t\t\t<div class=\"elementor-element elementor-element-772285b elementor-widget elementor-widget-text-editor\" data-id=\"772285b\" data-element_type=\"widget\" data-e-type=\"widget\" data-widget_type=\"text-editor.default\">\n\t\t\t\t\t\t\t\t\t<p>Please back to homepage or check our offer<\/p>\t\t\t\t\t\t\t\t<\/div>\n\t\t\t\t<div class=\"elementor-element elementor-element-d2cab0b elementor-tablet-align-center elementor-widget elementor-widget-button\" data-id=\"d2cab0b\" data-element_type=\"widget\" data-e-type=\"widget\" data-widget_type=\"button.default\">\n\t\t\t\t\t\t\t\t\t\t<a class=\"elementor-button elementor-button-link elementor-size-sm\" href=\"https:\/\/eyepicerie.com\">\n\t\t\t\t\t\t<span class=\"elementor-button-content-wrapper\">\n\t\t\t\t\t\t\t\t\t<span class=\"elementor-button-text\">Back to homepage<\/span>\n\t\t\t\t\t<\/span>\n\t\t\t\t\t<\/a>\n\t\t\t\t\t\t\t\t<\/div>\n\t\t\t\t\t<\/div>\n\t\t<\/div>\n\t\t\t\t<div class=\"elementor-column elementor-col-50 elementor-top-column elementor-element elementor-element-84f4c7e elementor-hidden-tablet elementor-hidden-mobile\" data-id=\"84f4c7e\" data-element_type=\"column\" data-e-type=\"column\">\n\t\t\t<div class=\"elementor-widget-wrap elementor-element-populated\">\n\t\t\t\t\t\t<div class=\"elementor-element elementor-element-6c8f549 elementor-widget elementor-widget-image\" data-id=\"6c8f549\" data-element_type=\"widget\" data-e-type=\"widget\" data-widget_type=\"image.default\">\n\t\t\t\t\t\t\t\t\t\t\t\t\t\t\t<img fetchpriority=\"high\" decoding=\"async\" width=\"1140\" height=\"570\" src=\"https:\/\/eyepicerie.com\/wp-content\/uploads\/2021\/09\/image-404.jpg\" class=\"attachment-full size-full wp-image-1883\" alt=\"\" srcset=\"https:\/\/eyepicerie.com\/wp-content\/uploads\/2021\/09\/image-404.jpg 1140w, https:\/\/eyepicerie.com\/wp-content\/uploads\/2021\/09\/image-404-700x350.jpg 700w\" sizes=\"(max-width: 1140px) 100vw, 1140px\" \/>\t\t\t\t\t\t\t\t\t\t\t\t\t\t\t<\/div>\n\t\t\t\t\t<\/div>\n\t\t<\/div>\n\t\t\t\t\t<\/div>\n\t\t<\/section>\n\t\t\t\t<section class=\"elementor-section elementor-top-section elementor-element elementor-element-7fa7275 elementor-section-boxed elementor-section-height-default elementor-section-height-default wpr-particle-no wpr-jarallax-no wpr-parallax-no wpr-sticky-section-no wpr-equal-height-no\" data-id=\"7fa7275\" data-element_type=\"section\" data-e-type=\"section\">\n\t\t\t\t\t\t<div class=\"elementor-container elementor-column-gap-no\">\n\t\t\t\t\t<div class=\"elementor-column elementor-col-100 elementor-top-column elementor-element elementor-element-23eb827\" data-id=\"23eb827\" data-element_type=\"column\" data-e-type=\"column\">\n\t\t\t<div class=\"elementor-widget-wrap elementor-element-populated\">\n\t\t\t\t\t\t<div class=\"elementor-element elementor-element-a0bc0df elementor-widget-divider--view-line elementor-widget elementor-widget-divider\" data-id=\"a0bc0df\" data-element_type=\"widget\" data-e-type=\"widget\" data-widget_type=\"divider.default\">\n\t\t\t\t\t\t\t<div class=\"elementor-divider\">\n\t\t\t<span class=\"elementor-divider-separator\">\n\t\t\t\t\t\t<\/span>\n\t\t<\/div>\n\t\t\t\t\t\t<\/div>\n\t\t\t\t\t<\/div>\n\t\t<\/div>\n\t\t\t\t\t<\/div>\n\t\t<\/section>\n\t\t\t\t<section class=\"elementor-section elementor-top-section elementor-element elementor-element-09660e3 elementor-section-boxed elementor-section-height-default elementor-section-height-default wpr-particle-no wpr-jarallax-no wpr-parallax-no wpr-sticky-section-no wpr-equal-height-no\" data-id=\"09660e3\" data-element_type=\"section\" data-e-type=\"section\">\n\t\t\t\t\t\t<div class=\"elementor-container elementor-column-gap-no\">\n\t\t\t\t\t<div class=\"elementor-column elementor-col-100 elementor-top-column elementor-element elementor-element-aa599f3\" data-id=\"aa599f3\" data-element_type=\"column\" data-e-type=\"column\">\n\t\t\t<div class=\"elementor-widget-wrap elementor-element-populated\">\n\t\t\t\t\t\t<div class=\"elementor-element elementor-element-f700f0a elementor-widget elementor-widget-ts-mailchimp\" data-id=\"f700f0a\" data-element_type=\"widget\" data-e-type=\"widget\" data-widget_type=\"ts-mailchimp.default\">\n\t\t\t\t<div class=\"elementor-widget-container\">\n\t\t\t\t\t<div class=\"ts-mailchimp-subscription-shortcode text-center text-default\" ><section class=\"widget-container mailchimp-subscription\"><div class=\"widget-title-wrapper\"><h3 class=\"widget-title heading-title\">Join newsletter and get discount for your next order!<\/h3><\/div>\t\t\t<div class=\"subscribe-widget\" >\n\t\t\t\t\n\t\t\t\t\t\t\t\t\n\t\t\t\t\t\t\t<\/div>\n\n\t\t\t<\/section><\/div>\t\t\t\t<\/div>\n\t\t\t\t<\/div>\n\t\t\t\t\t<\/div>\n\t\t<\/div>\n\t\t\t\t\t<\/div>\n\t\t<\/section>\n\t\t\t\t<section class=\"elementor-section elementor-top-section elementor-element elementor-element-1b2f147 elementor-section-boxed elementor-section-height-default elementor-section-height-default wpr-particle-no wpr-jarallax-no wpr-parallax-no wpr-sticky-section-no wpr-equal-height-no\" data-id=\"1b2f147\" data-element_type=\"section\" data-e-type=\"section\">\n\t\t\t\t\t\t<div class=\"elementor-container elementor-column-gap-no\">\n\t\t\t\t\t<div class=\"elementor-column elementor-col-100 elementor-top-column elementor-element elementor-element-075fb93\" data-id=\"075fb93\" data-element_type=\"column\" data-e-type=\"column\">\n\t\t\t<div class=\"elementor-widget-wrap elementor-element-populated\">\n\t\t\t\t\t\t<div class=\"elementor-element elementor-element-38efb24 elementor-widget-divider--view-line elementor-widget elementor-widget-divider\" data-id=\"38efb24\" data-element_type=\"widget\" data-e-type=\"widget\" data-widget_type=\"divider.default\">\n\t\t\t\t\t\t\t<div class=\"elementor-divider\">\n\t\t\t<span class=\"elementor-divider-separator\">\n\t\t\t\t\t\t<\/span>\n\t\t<\/div>\n\t\t\t\t\t\t<\/div>\n\t\t\t\t\t<\/div>\n\t\t<\/div>\n\t\t\t\t\t<\/div>\n\t\t<\/section>\n\t\t\t\t<section class=\"elementor-section elementor-top-section elementor-element elementor-element-25d8a11 elementor-section-stretched elementor-section-boxed elementor-section-height-default elementor-section-height-default wpr-particle-no wpr-jarallax-no wpr-parallax-no wpr-sticky-section-no wpr-equal-height-no\" data-id=\"25d8a11\" data-element_type=\"section\" data-e-type=\"section\" data-settings=\"{&quot;stretch_section&quot;:&quot;section-stretched&quot;,&quot;background_background&quot;:&quot;classic&quot;}\">\n\t\t\t\t\t\t<div class=\"elementor-container elementor-column-gap-no\">\n\t\t\t\t\t<div class=\"elementor-column elementor-col-100 elementor-top-column elementor-element elementor-element-b8fdca2\" data-id=\"b8fdca2\" data-element_type=\"column\" data-e-type=\"column\">\n\t\t\t<div class=\"elementor-widget-wrap elementor-element-populated\">\n\t\t\t\t\t\t<div class=\"elementor-element elementor-element-31c7f55 elementor-widget elementor-widget-ts-products\" data-id=\"31c7f55\" data-element_type=\"widget\" data-e-type=\"widget\" data-widget_type=\"ts-products.default\">\n\t\t\t\t<div class=\"elementor-widget-container\">\n\t\t\t\t\t\t\t<div class=\"ts-product-wrapper ts-shortcode ts-product woocommerce columns-8 featured style-grid ts-slider rows-1 show-nav no-shop-more-button\" data-nav=\"1\" data-dots=\"0\" data-autoplay=\"1\" data-columns=\"8\" data-disable_responsive=\"0\">\n\t\t\n\t\t\t\t\t\t<header class=\"shortcode-heading-wrapper\" style=\"\">\n\t\t\t\t\t\t\t\t<h2 class=\"shortcode-title\">\n\t\t\t\t\tFeatured products\t\t\t\t<\/h2>\n\t\t\t\t\n\t\t\t\t\t\t\t<\/header>\n\t\t\t\t\t\t\n\t\t\t<div class=\"content-wrapper loading\">\n\t\t\t\t<div class=\"products\"><section class=\"product add-to-wishlist-after_add_to_cart type-product post-3305 status-publish first instock product_cat-books has-post-thumbnail featured shipping-taxable purchasable product-type-simple\" data-product_id=\"3305\">\r\n\t<div class=\"product-wrapper\">\r\n\t\t\t\r\n\t\t<div class=\"thumbnail-wrapper\">\r\n\t\t\t<a href=\"https:\/\/eyepicerie.com\/index.php\/product\/language-and-tribe-in-ethiopia\/\">\r\n\t\t\t\t<figure class=\"no-back-image\"><img decoding=\"async\" src=\"https:\/\/eyepicerie.com\/wp-content\/themes\/agrofood\/images\/prod_loading.gif\" data-src=\"https:\/\/eyepicerie.com\/wp-content\/uploads\/2023\/05\/ethiopia-quanqua-ena-neged-1-300x300.png\" class=\"attachment-shop_catalog wp-post-image ts-lazy-load\" alt=\"\" width=\"300\" height=\"300\" \/><\/figure>\t\t\t<\/a>\r\n\t\t\t\t\t<div class=\"product-label\">\n\t<span class=\"featured\"><span>Hot<\/span><\/span>\t<\/div>\n\t<div class=\"product-group-button\"><div class=\"button-in wishlist\">\n<div\n\tclass=\"yith-wcwl-add-to-wishlist add-to-wishlist-3305 yith-wcwl-add-to-wishlist--link-style wishlist-fragment on-first-load\"\n\tdata-fragment-ref=\"3305\"\n\tdata-fragment-options=\"{&quot;base_url&quot;:&quot;&quot;,&quot;product_id&quot;:3305,&quot;parent_product_id&quot;:0,&quot;product_type&quot;:&quot;simple&quot;,&quot;is_single&quot;:false,&quot;in_default_wishlist&quot;:false,&quot;show_view&quot;:false,&quot;browse_wishlist_text&quot;:&quot;Browse wishlist&quot;,&quot;already_in_wishslist_text&quot;:&quot;The product is already in your wishlist!&quot;,&quot;product_added_text&quot;:&quot;Product added!&quot;,&quot;available_multi_wishlist&quot;:false,&quot;disable_wishlist&quot;:false,&quot;show_count&quot;:false,&quot;ajax_loading&quot;:false,&quot;loop_position&quot;:&quot;after_add_to_cart&quot;,&quot;item&quot;:&quot;add_to_wishlist&quot;}\"\n>\n\t\t\t\n\t\t\t<!-- ADD TO WISHLIST -->\n\t\t\t\n<div class=\"yith-wcwl-add-button\">\n\t\t<a\n\t\thref=\"?add_to_wishlist=3305&#038;_wpnonce=e170e80206\"\n\t\tclass=\"add_to_wishlist single_add_to_wishlist\"\n\t\tdata-product-id=\"3305\"\n\t\tdata-product-type=\"simple\"\n\t\tdata-original-product-id=\"0\"\n\t\tdata-title=\"&lt;span class=&quot;ts-tooltip button-tooltip&quot; data-title=&quot;Add to wishlist&quot;&gt;Wishlist&lt;\/span&gt;\"\n\t\trel=\"nofollow\"\n\t>\n\t\t<svg id=\"yith-wcwl-icon-heart-outline\" class=\"yith-wcwl-icon-svg\" fill=\"none\" stroke-width=\"1.5\" stroke=\"currentColor\" viewBox=\"0 0 24 24\" xmlns=\"http:\/\/www.w3.org\/2000\/svg\">\n  <path stroke-linecap=\"round\" stroke-linejoin=\"round\" d=\"M21 8.25c0-2.485-2.099-4.5-4.688-4.5-1.935 0-3.597 1.126-4.312 2.733-.715-1.607-2.377-2.733-4.313-2.733C5.1 3.75 3 5.765 3 8.25c0 7.22 9 12 9 12s9-4.78 9-12Z\"><\/path>\n<\/svg>\t\t<span><span class=\"ts-tooltip button-tooltip\" data-title=\"Add to wishlist\">Wishlist<\/span><\/span>\n\t<\/a>\n<\/div>\n\n\t\t\t<!-- COUNT TEXT -->\n\t\t\t\n\t\t\t<\/div>\n<\/div><div class=\"button-in quickshop\"><a class=\"quickshop\" href=\"#\" data-product_id=\"3305\"><span class=\"ts-tooltip button-tooltip\">Quick view<\/span><\/a><\/div><\/div>\t\t\t\r\n\t\t<\/div>\r\n\t\t<div class=\"meta-wrapper\">\r\n\t\t\t<div class=\"product-brands\"><a href=\"https:\/\/eyepicerie.com\/index.php\/product-brand\/marcises\/\" rel=\"tag\">Marcises<\/a><\/div><h3 class=\"heading-title product-name\"><a href=\"https:\/\/eyepicerie.com\/index.php\/product\/language-and-tribe-in-ethiopia\/\">Language and tribe in Ethiopia<\/a><\/h3>\t\t<\/div>\r\n\t\t\r\n\t\t<div class=\"meta-wrapper meta-wrapper-2\">\r\n\t\t\t\n\t<span class=\"price\"><span class=\"woocommerce-Price-amount amount\"><bdi><span class=\"woocommerce-Price-currencySymbol\">&euro;<\/span>35.00<\/bdi><\/span><\/span>\n<div class=\"product-group-button-meta\"><div class=\"loop-add-to-cart\"><a href=\"\/index.php\/wp-json\/wp\/v2\/pages\/1904?add-to-cart=3305\" data-quantity=\"1\" class=\"button product_type_simple add_to_cart_button ajax_add_to_cart\" data-product_id=\"3305\" data-product_sku=\"\" aria-label=\"Ajouter au panier\u00a0: &ldquo;Language and tribe in Ethiopia&rdquo;\" rel=\"nofollow\" data-success_message=\"\u00ab\u00a0Language and tribe in Ethiopia\u00a0\u00bb a \u00e9t\u00e9 ajout\u00e9 \u00e0 votre panier\" role=\"button\"><span class=\"ts-tooltip button-tooltip\">Ajouter au panier<\/span><\/a><\/div><\/div>\t\t<\/div>\r\n\t<\/div>\r\n<\/section><\/div>\t\t\t\t\n\t\t\t\t\t\t\t\t\n\t\t\t<\/div>\n\t\t\t\n\t\t<\/div>\n\t\t\t\t\t\t<\/div>\n\t\t\t\t<\/div>\n\t\t\t\t<div class=\"elementor-element elementor-element-e9ef268 elementor-widget-divider--view-line elementor-widget elementor-widget-divider\" data-id=\"e9ef268\" data-element_type=\"widget\" data-e-type=\"widget\" data-widget_type=\"divider.default\">\n\t\t\t\t\t\t\t<div class=\"elementor-divider\">\n\t\t\t<span class=\"elementor-divider-separator\">\n\t\t\t\t\t\t<\/span>\n\t\t<\/div>\n\t\t\t\t\t\t<\/div>\n\t\t\t\t\t<\/div>\n\t\t<\/div>\n\t\t\t\t\t<\/div>\n\t\t<\/section>\n\t\t\t\t<\/div>\n\t\t","protected":false},"excerpt":{"rendered":"<p>404 This page has been probably moved somewhere&#8230; Please back to homepage or check our offer Back to homepage Join newsletter and get discount for your next order! I accept terms and conditions &amp; privacy policy Subscribe Laissez ce champ vide si vous \u00eates humain\u00a0: Featured products NewHot Wishlist Quick view Marcises Language and tribe in Ethiopia &euro;35.00 Ajouter au panier<\/p>\n","protected":false},"author":1,"featured_media":0,"parent":0,"menu_order":0,"comment_status":"closed","ping_status":"closed","template":"","meta":{"_joinchat":[],"footnotes":""},"class_list":["post-1904","page","type-page","status-publish","hentry"],"_links":{"self":[{"href":"https:\/\/eyepicerie.com\/index.php\/wp-json\/wp\/v2\/pages\/1904","targetHints":{"allow":["GET"]}}],"collection":[{"href":"https:\/\/eyepicerie.com\/index.php\/wp-json\/wp\/v2\/pages"}],"about":[{"href":"https:\/\/eyepicerie.com\/index.php\/wp-json\/wp\/v2\/types\/page"}],"author":[{"embeddable":true,"href":"https:\/\/eyepicerie.com\/index.php\/wp-json\/wp\/v2\/users\/1"}],"replies":[{"embeddable":true,"href":"https:\/\/eyepicerie.com\/index.php\/wp-json\/wp\/v2\/comments?post=1904"}],"version-history":[{"count":0,"href":"https:\/\/eyepicerie.com\/index.php\/wp-json\/wp\/v2\/pages\/1904\/revisions"}],"wp:attachment":[{"href":"https:\/\/eyepicerie.com\/index.php\/wp-json\/wp\/v2\/media?parent=1904"}],"curies":[{"name":"wp","href":"https:\/\/api.w.org\/{rel}","templated":true}]}}